{"id":5223,"date":"2025-10-13T00:50:41","date_gmt":"2025-10-13T05:50:41","guid":{"rendered":"https:\/\/arbitrajefesintribunales.com\/on\/?page_id=5223"},"modified":"2025-10-13T01:04:42","modified_gmt":"2025-10-13T06:04:42","slug":"sistema-infocaj","status":"publish","type":"page","link":"https:\/\/arbitrajefesintribunales.com\/on\/sistema-infocaj\/","title":{"rendered":"Sistema INFOCAJ"},"content":{"rendered":"\n<p>El Centro FE SIN ARBITRAJES, pensando en brindar un servicio m\u00e1s \u00e1gil, seguro y accesible, ha desarrollado <strong>INFOCAJ<\/strong>, nuestra mesa de partes virtual. Esta plataforma digital permite presentar, recibir y gestionar documentos relacionados con los procedimientos arbitrales y con las Juntas de Prevenci\u00f3n y Resoluci\u00f3n de Disputas (JPRD).<\/p>\n\n\n\n<p>INFOCAJ facilita la tramitaci\u00f3n de expedientes en un entorno ordenado y amigable, fortaleciendo la comunicaci\u00f3n entre las partes y el Centro. Su implementaci\u00f3n responde al compromiso de modernizar nuestros procesos y garantizar una atenci\u00f3n eficiente y transparente en cada etapa.<\/p>\n","protected":false},"excerpt":{"rendered":"<p>El Centro FE SIN ARBITRAJES, pensando en brindar un servicio m\u00e1s \u00e1gil, seguro y accesible, ha desarrollado INFOCAJ, nuestra mesa de partes virtual. Esta plataforma digital permite presentar, recibir y gestionar documentos relacionados con los procedimientos arbitrales y con las Juntas de Prevenci\u00f3n y Resoluci\u00f3n de Disputas (JPRD). INFOCAJ facilita la tramitaci\u00f3n de expedientes en [&hellip;]<\/p>\n","protected":false},"author":1,"featured_media":2760,"parent":0,"menu_order":0,"comment_status":"closed","ping_status":"closed","template":"","meta":{"footnotes":""},"class_list":["post-5223","page","type-page","status-publish","has-post-thumbnail","hentry"],"_links":{"self":[{"href":"https:\/\/arbitrajefesintribunales.com\/on\/wp-json\/wp\/v2\/pages\/5223","targetHints":{"allow":["GET"]}}],"collection":[{"href":"https:\/\/arbitrajefesintribunales.com\/on\/wp-json\/wp\/v2\/pages"}],"about":[{"href":"https:\/\/arbitrajefesintribunales.com\/on\/wp-json\/wp\/v2\/types\/page"}],"author":[{"embeddable":true,"href":"https:\/\/arbitrajefesintribunales.com\/on\/wp-json\/wp\/v2\/users\/1"}],"replies":[{"embeddable":true,"href":"https:\/\/arbitrajefesintribunales.com\/on\/wp-json\/wp\/v2\/comments?post=5223"}],"version-history":[{"count":2,"href":"https:\/\/arbitrajefesintribunales.com\/on\/wp-json\/wp\/v2\/pages\/5223\/revisions"}],"predecessor-version":[{"id":5227,"href":"https:\/\/arbitrajefesintribunales.com\/on\/wp-json\/wp\/v2\/pages\/5223\/revisions\/5227"}],"wp:featuredmedia":[{"embeddable":true,"href":"https:\/\/arbitrajefesintribunales.com\/on\/wp-json\/wp\/v2\/media\/2760"}],"wp:attachment":[{"href":"https:\/\/arbitrajefesintribunales.com\/on\/wp-json\/wp\/v2\/media?parent=5223"}],"curies":[{"name":"wp","href":"https:\/\/api.w.org\/{rel}","templated":true}]}}