{"id":4961,"date":"2025-10-08T20:58:57","date_gmt":"2025-10-09T01:58:57","guid":{"rendered":"https:\/\/arbitrajefesintribunales.com\/on\/?page_id=4961"},"modified":"2025-10-08T21:14:03","modified_gmt":"2025-10-09T02:14:03","slug":"certificaciones","status":"publish","type":"page","link":"https:\/\/arbitrajefesintribunales.com\/on\/certificaciones\/","title":{"rendered":"Certificaciones"},"content":{"rendered":"\n<h3 class=\"wp-block-heading has-text-align-center text-principal\">ISO<\/h3>\n\n\n\n<div class=\"wp-block-group boxes-doc-pg is-vertical is-layout-flex wp-container-core-group-is-layout-fe9cc265 wp-block-group-is-layout-flex\">\n<p class=\"text-enfasis\">Certificado ISO 37001: Sistema de Gesti\u00f3n Antisoborno<\/p>\n\n\n\n<div class=\"wp-block-buttons is-layout-flex wp-block-buttons-is-layout-flex\">\n<div class=\"wp-block-button btn-transform\"><a class=\"wp-block-button__link wp-element-button\" href=\"https:\/\/arbitrajefesintribunales.com\/on\/wp-content\/uploads\/2025\/10\/iso37001.pdf\" target=\"_blank\" rel=\"noreferrer noopener\">Ver<\/a><\/div>\n<\/div>\n<\/div>\n\n\n\n<div class=\"wp-block-group boxes-doc-pg is-vertical is-layout-flex wp-container-core-group-is-layout-fe9cc265 wp-block-group-is-layout-flex\">\n<p class=\"text-enfasis\">Certificado ISO 9001: Sistema de Gesti\u00f3n de Calidad<\/p>\n\n\n\n<div class=\"wp-block-buttons is-layout-flex wp-block-buttons-is-layout-flex\">\n<div class=\"wp-block-button btn-transform\"><a class=\"wp-block-button__link wp-element-button\" href=\"https:\/\/arbitrajefesintribunales.com\/on\/wp-content\/uploads\/2025\/10\/iso9001.pdf\" target=\"_blank\" rel=\"noreferrer noopener\">Ver<\/a><\/div>\n<\/div>\n<\/div>\n","protected":false},"excerpt":{"rendered":"<p>Nuestra instituci\u00f3n cuenta con certificaciones ISO 9001 e ISO 37001, que respaldan nuestro compromiso con la calidad y la integridad. La norma ISO 9001 garantiza la implementaci\u00f3n de un sistema de gesti\u00f3n orientado a la mejora continua y la satisfacci\u00f3n del cliente. Por su parte, la ISO 37001 certifica nuestras pol\u00edticas y controles para prevenir, detectar y enfrentar el riesgo de soborno, fortaleciendo una cultura \u00e9tica y transparente en todos nuestros procesos.<\/p>\n","protected":false},"author":1,"featured_media":2561,"parent":0,"menu_order":0,"comment_status":"closed","ping_status":"closed","template":"","meta":{"footnotes":""},"class_list":["post-4961","page","type-page","status-publish","has-post-thumbnail","hentry"],"_links":{"self":[{"href":"https:\/\/arbitrajefesintribunales.com\/on\/wp-json\/wp\/v2\/pages\/4961","targetHints":{"allow":["GET"]}}],"collection":[{"href":"https:\/\/arbitrajefesintribunales.com\/on\/wp-json\/wp\/v2\/pages"}],"about":[{"href":"https:\/\/arbitrajefesintribunales.com\/on\/wp-json\/wp\/v2\/types\/page"}],"author":[{"embeddable":true,"href":"https:\/\/arbitrajefesintribunales.com\/on\/wp-json\/wp\/v2\/users\/1"}],"replies":[{"embeddable":true,"href":"https:\/\/arbitrajefesintribunales.com\/on\/wp-json\/wp\/v2\/comments?post=4961"}],"version-history":[{"count":2,"href":"https:\/\/arbitrajefesintribunales.com\/on\/wp-json\/wp\/v2\/pages\/4961\/revisions"}],"predecessor-version":[{"id":4978,"href":"https:\/\/arbitrajefesintribunales.com\/on\/wp-json\/wp\/v2\/pages\/4961\/revisions\/4978"}],"wp:featuredmedia":[{"embeddable":true,"href":"https:\/\/arbitrajefesintribunales.com\/on\/wp-json\/wp\/v2\/media\/2561"}],"wp:attachment":[{"href":"https:\/\/arbitrajefesintribunales.com\/on\/wp-json\/wp\/v2\/media?parent=4961"}],"curies":[{"name":"wp","href":"https:\/\/api.w.org\/{rel}","templated":true}]}}