{"id":4735,"date":"2025-09-24T12:06:50","date_gmt":"2025-09-24T17:06:50","guid":{"rendered":"https:\/\/arbitrajefesintribunales.com\/on\/?page_id=4735"},"modified":"2026-04-09T00:38:49","modified_gmt":"2026-04-09T05:38:49","slug":"normativas","status":"publish","type":"page","link":"https:\/\/arbitrajefesintribunales.com\/on\/normativas\/","title":{"rendered":"Normativas"},"content":{"rendered":"\n<h3 class=\"wp-block-heading has-text-align-center text-principal\">2025<\/h3>\n\n\n\n<div class=\"wp-block-group boxes-doc-pg is-vertical is-layout-flex wp-container-core-group-is-layout-fe9cc265 wp-block-group-is-layout-flex\">\n<p class=\"text-enfasis\">Reglamento Interno<\/p>\n\n\n\n<div class=\"wp-block-buttons is-layout-flex wp-block-buttons-is-layout-flex\">\n<div class=\"wp-block-button btn-transform\"><a class=\"wp-block-button__link wp-element-button\" href=\"https:\/\/arbitrajefesintribunales.com\/on\/wp-content\/uploads\/2025\/08\/REGLAMENTO-INTERNO-FE-2025-ACTA.pdf\" target=\"_blank\" rel=\"noreferrer noopener\">Ver<\/a><\/div>\n<\/div>\n<\/div>\n\n\n\n<div class=\"wp-block-group boxes-doc-pg is-vertical is-layout-flex wp-container-core-group-is-layout-fe9cc265 wp-block-group-is-layout-flex\">\n<p class=\"text-enfasis\">C\u00f3digo de \u00c9tica de Colaboradores<\/p>\n\n\n\n<div class=\"wp-block-buttons is-layout-flex wp-block-buttons-is-layout-flex\">\n<div class=\"wp-block-button btn-transform\"><a class=\"wp-block-button__link wp-element-button\" href=\"https:\/\/arbitrajefesintribunales.com\/on\/wp-content\/uploads\/2025\/10\/CODIGO-DE-ETICA-COLABORADORES-FE-SIN-TRIBUNALES-2025.pdf\" target=\"_blank\" rel=\"noreferrer noopener\">Ver<\/a><\/div>\n<\/div>\n<\/div>\n\n\n\n<div class=\"wp-block-group boxes-doc-pg is-vertical is-layout-flex wp-container-core-group-is-layout-fe9cc265 wp-block-group-is-layout-flex\">\n<p class=\"text-enfasis\">Sistema De Compliance<\/p>\n\n\n\n<div class=\"wp-block-buttons is-layout-flex wp-block-buttons-is-layout-flex\">\n<div class=\"wp-block-button btn-transform\"><a class=\"wp-block-button__link wp-element-button\" href=\"https:\/\/arbitrajefesintribunales.com\/on\/wp-content\/uploads\/2025\/10\/SISTEMA-DE-COMPLIANCE.pdf\" target=\"_blank\" rel=\"noreferrer noopener\">Ver<\/a><\/div>\n<\/div>\n<\/div>\n\n\n\n<div class=\"wp-block-group boxes-doc-pg is-vertical is-layout-flex wp-container-core-group-is-layout-fe9cc265 wp-block-group-is-layout-flex\">\n<p class=\"text-enfasis\">Reglamento Procesal<\/p>\n\n\n\n<div class=\"wp-block-buttons is-layout-flex wp-block-buttons-is-layout-flex\">\n<div class=\"wp-block-button btn-transform\"><a class=\"wp-block-button__link wp-element-button\" href=\"https:\/\/arbitrajefesintribunales.com\/on\/wp-content\/uploads\/2025\/10\/REGLAMENTO-2025.pdf\" target=\"_blank\" rel=\"noreferrer noopener\">Ver<\/a><\/div>\n<\/div>\n<\/div>\n\n\n\n<div class=\"wp-block-group boxes-doc-pg is-vertical is-layout-flex wp-container-core-group-is-layout-fe9cc265 wp-block-group-is-layout-flex\">\n<p class=\"text-enfasis\">Tabla de Aranceles y Pagos<\/p>\n\n\n\n<div class=\"wp-block-buttons is-layout-flex wp-block-buttons-is-layout-flex\">\n<div class=\"wp-block-button btn-transform\"><a class=\"wp-block-button__link wp-element-button\" href=\"https:\/\/arbitrajefesintribunales.com\/on\/wp-content\/uploads\/2025\/10\/TABLA-DE-ARANCES-Y-PAGOS-FE-SIN-TRIBUNALES-2025.pdf\" target=\"_blank\" rel=\"noreferrer noopener\">Ver<\/a><\/div>\n<\/div>\n<\/div>\n\n\n\n<div class=\"wp-block-group boxes-doc-pg is-vertical is-layout-flex wp-container-core-group-is-layout-fe9cc265 wp-block-group-is-layout-flex\">\n<p class=\"text-enfasis\">Solicitud de Inicio de Procedimiento Arbitral<\/p>\n\n\n\n<div class=\"wp-block-buttons is-layout-flex wp-block-buttons-is-layout-flex\">\n<div class=\"wp-block-button btn-transform\"><a class=\"wp-block-button__link wp-element-button\" href=\"https:\/\/arbitrajefesintribunales.com\/on\/wp-content\/uploads\/2025\/08\/SOLICITUD-DE-INICIO-DE-PROCEDIMIENTO-ARBITRAL.pdf\" target=\"_blank\" rel=\"noreferrer noopener\">Ver<\/a><\/div>\n<\/div>\n<\/div>\n\n\n\n<div class=\"wp-block-group boxes-doc-pg is-vertical is-layout-flex wp-container-core-group-is-layout-fe9cc265 wp-block-group-is-layout-flex\">\n<p class=\"text-enfasis\">Respuesta a Solicitud de Inicio de Procedimiento Arbitral<\/p>\n\n\n\n<div class=\"wp-block-buttons is-layout-flex wp-block-buttons-is-layout-flex\">\n<div class=\"wp-block-button btn-transform\"><a class=\"wp-block-button__link wp-element-button\" href=\"https:\/\/arbitrajefesintribunales.com\/on\/wp-content\/uploads\/2025\/08\/RESPUESTA-A-SOLICITUD-DE-INICIO-DE-PROCEDIMIENTO-ARBITRAL.pdf\" target=\"_blank\" rel=\"noreferrer noopener\">Ver<\/a><\/div>\n<\/div>\n<\/div>\n\n\n\n<div class=\"wp-block-group boxes-doc-pg is-vertical is-layout-flex wp-container-core-group-is-layout-fe9cc265 wp-block-group-is-layout-flex\">\n<p class=\"text-enfasis\">N\u00f3mina de \u00c1rbitros especializados en Contratacion P\u00fablica<\/p>\n\n\n\n<div class=\"wp-block-buttons is-layout-flex wp-block-buttons-is-layout-flex\">\n<div class=\"wp-block-button btn-transform\"><a class=\"wp-block-button__link wp-element-button\" href=\"https:\/\/arbitrajefesintribunales.com\/on\/wp-content\/uploads\/2025\/08\/NOMINA-DE-SECRETARIOS-ARBITRALES-26.pdf\" target=\"_blank\" rel=\"noreferrer noopener\">Ver<\/a><\/div>\n<\/div>\n<\/div>\n\n\n\n<div class=\"wp-block-group boxes-doc-pg is-vertical is-layout-flex wp-container-core-group-is-layout-fe9cc265 wp-block-group-is-layout-flex\">\n<p class=\"text-enfasis\">Instructivo Para Procesos Arbitrales V\u00eda Electr\u00f3nica<\/p>\n\n\n\n<div class=\"wp-block-buttons is-layout-flex wp-block-buttons-is-layout-flex\">\n<div class=\"wp-block-button btn-transform\"><a class=\"wp-block-button__link wp-element-button\" href=\"https:\/\/arbitrajefesintribunales.com\/on\/wp-content\/uploads\/2025\/08\/INSTRUCTIVO-PARA-PROCESOS-ARBITRALES-VIA-ELECTRONICA.pdf\" target=\"_blank\" rel=\"noreferrer noopener\">Ver<\/a><\/div>\n<\/div>\n<\/div>\n\n\n\n<div class=\"wp-block-group boxes-doc-pg is-vertical is-layout-flex wp-container-core-group-is-layout-fe9cc265 wp-block-group-is-layout-flex\">\n<p class=\"text-enfasis\">Estatuto Arbitraje<\/p>\n\n\n\n<div class=\"wp-block-buttons is-layout-flex wp-block-buttons-is-layout-flex\">\n<div class=\"wp-block-button btn-transform\"><a class=\"wp-block-button__link wp-element-button\" href=\"https:\/\/arbitrajefesintribunales.com\/on\/wp-content\/uploads\/2025\/10\/ESTATUTO-2025.pdf\" target=\"_blank\" rel=\"noreferrer noopener\">Ver<\/a><\/div>\n<\/div>\n<\/div>\n\n\n\n<div class=\"wp-block-group boxes-doc-pg is-vertical is-layout-flex wp-container-core-group-is-layout-fe9cc265 wp-block-group-is-layout-flex\">\n<p class=\"text-enfasis\">C\u00f3digo de \u00c9tica Arbitraje y la JPRD<\/p>\n\n\n\n<div class=\"wp-block-buttons is-layout-flex wp-block-buttons-is-layout-flex\">\n<div class=\"wp-block-button btn-transform\"><a class=\"wp-block-button__link wp-element-button\" href=\"https:\/\/arbitrajefesintribunales.com\/on\/wp-content\/uploads\/2025\/08\/CODIGO-DE-ETICA-ARBITRAJE-Y-LA-JPRD-1.pdf\" target=\"_blank\" rel=\"noreferrer noopener\">Ver<\/a><\/div>\n<\/div>\n<\/div>\n\n\n\n<div class=\"wp-block-group boxes-doc-pg is-vertical is-layout-flex wp-container-core-group-is-layout-fe9cc265 wp-block-group-is-layout-flex\">\n<p class=\"text-enfasis\">Cl\u00e1usula Arbitral<\/p>\n\n\n\n<div class=\"wp-block-buttons is-layout-flex wp-block-buttons-is-layout-flex\">\n<div class=\"wp-block-button btn-transform\"><a class=\"wp-block-button__link wp-element-button\" href=\"https:\/\/arbitrajefesintribunales.com\/on\/wp-content\/uploads\/2025\/10\/CLAUSULA-ARBITRAL-2025.pdf\" target=\"_blank\" rel=\"noreferrer noopener\">Ver<\/a><\/div>\n<\/div>\n<\/div>\n\n\n\n<div class=\"wp-block-group boxes-doc-pg is-vertical is-layout-flex wp-container-core-group-is-layout-fe9cc265 wp-block-group-is-layout-flex\">\n<p class=\"text-enfasis\">Cl\u00e1usula Junta De Prevenci\u00f3n y Resoluci\u00f3n de Disputas<\/p>\n\n\n\n<div class=\"wp-block-buttons is-layout-flex wp-block-buttons-is-layout-flex\">\n<div class=\"wp-block-button btn-transform\"><a class=\"wp-block-button__link wp-element-button\" href=\"https:\/\/arbitrajefesintribunales.com\/on\/wp-content\/uploads\/2025\/10\/CLAUSULA-MODELO-DE-JPRD-2025.pdf\" target=\"_blank\" rel=\"noreferrer noopener\">Ver<\/a><\/div>\n<\/div>\n<\/div>\n\n\n\n<h3 class=\"wp-block-heading has-text-align-center text-principal\">2024<\/h3>\n\n\n\n<div class=\"wp-block-group boxes-doc-pg is-vertical is-layout-flex wp-container-core-group-is-layout-fe9cc265 wp-block-group-is-layout-flex\">\n<p class=\"text-enfasis\">Reglamento<\/p>\n\n\n\n<div class=\"wp-block-buttons is-layout-flex wp-block-buttons-is-layout-flex\">\n<div class=\"wp-block-button btn-transform\"><a class=\"wp-block-button__link wp-element-button\" href=\"https:\/\/arbitrajefesintribunales.com\/on\/wp-content\/uploads\/2025\/10\/7-Reglamento-2024.pdf\" target=\"_blank\" rel=\"noreferrer noopener\">Ver<\/a><\/div>\n<\/div>\n<\/div>\n\n\n\n<div class=\"wp-block-group boxes-doc-pg is-vertical is-layout-flex wp-container-core-group-is-layout-fe9cc265 wp-block-group-is-layout-flex\">\n<p class=\"text-enfasis\">Aranceles<\/p>\n\n\n\n<div class=\"wp-block-buttons is-layout-flex wp-block-buttons-is-layout-flex\">\n<div class=\"wp-block-button btn-transform\"><a class=\"wp-block-button__link wp-element-button\" href=\"https:\/\/arbitrajefesintribunales.com\/on\/wp-content\/uploads\/2024\/04\/2.-ARANCELES-2024.pdf\" target=\"_blank\" rel=\"noreferrer noopener\">Ver<\/a><\/div>\n<\/div>\n<\/div>\n\n\n\n<div class=\"wp-block-group boxes-doc-pg is-vertical is-layout-flex wp-container-core-group-is-layout-fe9cc265 wp-block-group-is-layout-flex\">\n<p class=\"text-enfasis\">Requisitos de Incorporaci\u00f3n al Registro De \u00c1rbitros Abril 2024<\/p>\n\n\n\n<div class=\"wp-block-buttons is-layout-flex wp-block-buttons-is-layout-flex\">\n<div class=\"wp-block-button btn-transform\"><a class=\"wp-block-button__link wp-element-button\" href=\"https:\/\/arbitrajefesintribunales.com\/on\/wp-content\/uploads\/2024\/04\/1.-REQUISITOS-DE-INCORPORACION-AL-REGISTRO-DE-ARBITROS-ABRIL-2024.pdf\" target=\"_blank\" rel=\"noreferrer noopener\">Ver<\/a><\/div>\n<\/div>\n<\/div>\n\n\n\n<div class=\"wp-block-group boxes-doc-pg is-vertical is-layout-flex wp-container-core-group-is-layout-fe9cc265 wp-block-group-is-layout-flex\">\n<p class=\"text-enfasis\">C\u00f3digo de \u00c9tica del Centro de Arbitraje<\/p>\n\n\n\n<div class=\"wp-block-buttons is-layout-flex wp-block-buttons-is-layout-flex\">\n<div class=\"wp-block-button btn-transform\"><a class=\"wp-block-button__link wp-element-button\" href=\"https:\/\/arbitrajefesintribunales.com\/on\/wp-content\/uploads\/2024\/04\/3.-CODIGO-DE-ETICA-DEL-CENTRO-DE-ARBITRAJE.pdf\" target=\"_blank\" rel=\"noreferrer noopener\">Ver<\/a><\/div>\n<\/div>\n<\/div>\n\n\n\n<div class=\"wp-block-group boxes-doc-pg is-vertical is-layout-flex wp-container-core-group-is-layout-fe9cc265 wp-block-group-is-layout-flex\">\n<p class=\"text-enfasis\">Solicitud de Inicio de Procedimiento Arbitral<\/p>\n\n\n\n<div class=\"wp-block-buttons is-layout-flex wp-block-buttons-is-layout-flex\">\n<div class=\"wp-block-button btn-transform\"><a class=\"wp-block-button__link wp-element-button\" href=\"https:\/\/arbitrajefesintribunales.com\/on\/wp-content\/uploads\/2024\/04\/4.-SOLICITUD-DE-INICIO-DE-PROCEDIMIENTO-ARBITRAL.pdf\" target=\"_blank\" rel=\"noreferrer noopener\">Ver<\/a><\/div>\n<\/div>\n<\/div>\n\n\n\n<div class=\"wp-block-group boxes-doc-pg is-vertical is-layout-flex wp-container-core-group-is-layout-fe9cc265 wp-block-group-is-layout-flex\">\n<p class=\"text-enfasis\">Respuesta a Solicitud de Inicio de Procedimiento Arbitral<\/p>\n\n\n\n<div class=\"wp-block-buttons is-layout-flex wp-block-buttons-is-layout-flex\">\n<div class=\"wp-block-button btn-transform\"><a class=\"wp-block-button__link wp-element-button\" href=\"https:\/\/arbitrajefesintribunales.com\/on\/wp-content\/uploads\/2024\/04\/5.-RESPUESTA-A-SOLICITUD-DE-INICIO-DE-PROCEDIMIENTO-ARBITRAL.pdf\" target=\"_blank\" rel=\"noreferrer noopener\">Ver<\/a><\/div>\n<\/div>\n<\/div>\n\n\n\n<div class=\"wp-block-group boxes-doc-pg is-vertical is-layout-flex wp-container-core-group-is-layout-fe9cc265 wp-block-group-is-layout-flex\">\n<p class=\"text-enfasis\">Estatuto \u2013 Centro de Arbitraje<\/p>\n\n\n\n<div class=\"wp-block-buttons is-layout-flex wp-block-buttons-is-layout-flex\">\n<div class=\"wp-block-button btn-transform\"><a class=\"wp-block-button__link wp-element-button\" href=\"https:\/\/arbitrajefesintribunales.com\/on\/wp-content\/uploads\/2024\/04\/6.-ESTATUTO-CENTRO-DE-ARBITRAJE.pdf\" target=\"_blank\" rel=\"noreferrer noopener\">Ver<\/a><\/div>\n<\/div>\n<\/div>\n\n\n\n<div class=\"wp-block-group boxes-doc-pg is-vertical is-layout-flex wp-container-core-group-is-layout-fe9cc265 wp-block-group-is-layout-flex\">\n<p class=\"text-enfasis\">N\u00f3mina de \u00c1rbitros<\/p>\n\n\n\n<div class=\"wp-block-buttons is-layout-flex wp-block-buttons-is-layout-flex\">\n<div class=\"wp-block-button btn-transform\"><a class=\"wp-block-button__link wp-element-button\" href=\"https:\/\/arbitrajefesintribunales.com\/on\/wp-content\/uploads\/2025\/10\/8-nomina-arbitros2024.pdf\" target=\"_blank\" rel=\"noreferrer noopener\">Ver<\/a><\/div>\n<\/div>\n<\/div>\n\n\n\n<div class=\"wp-block-group boxes-doc-pg is-vertical is-layout-flex wp-container-core-group-is-layout-fe9cc265 wp-block-group-is-layout-flex\">\n<p class=\"text-enfasis\">Reglamento JPRD<\/p>\n\n\n\n<div class=\"wp-block-buttons is-layout-flex wp-block-buttons-is-layout-flex\">\n<div class=\"wp-block-button btn-transform\"><a class=\"wp-block-button__link wp-element-button\" href=\"https:\/\/arbitrajefesintribunales.com\/on\/wp-content\/uploads\/2024\/06\/REGLAMENTO-JRD-2024-1.docx\" target=\"_blank\" rel=\"noreferrer noopener\">Ver<\/a><\/div>\n<\/div>\n<\/div>\n","protected":false},"excerpt":{"rendered":"<p>Ponemos a tu disposici\u00f3n los documentos institucionales que respaldan nuestro servicio de Junta de Prevenci\u00f3n de Resoluci\u00f3n de Disputas.<\/p>\n","protected":false},"author":1,"featured_media":2561,"parent":0,"menu_order":0,"comment_status":"closed","ping_status":"closed","template":"","meta":{"footnotes":""},"class_list":["post-4735","page","type-page","status-publish","has-post-thumbnail","hentry"],"_links":{"self":[{"href":"https:\/\/arbitrajefesintribunales.com\/on\/wp-json\/wp\/v2\/pages\/4735","targetHints":{"allow":["GET"]}}],"collection":[{"href":"https:\/\/arbitrajefesintribunales.com\/on\/wp-json\/wp\/v2\/pages"}],"about":[{"href":"https:\/\/arbitrajefesintribunales.com\/on\/wp-json\/wp\/v2\/types\/page"}],"author":[{"embeddable":true,"href":"https:\/\/arbitrajefesintribunales.com\/on\/wp-json\/wp\/v2\/users\/1"}],"replies":[{"embeddable":true,"href":"https:\/\/arbitrajefesintribunales.com\/on\/wp-json\/wp\/v2\/comments?post=4735"}],"version-history":[{"count":32,"href":"https:\/\/arbitrajefesintribunales.com\/on\/wp-json\/wp\/v2\/pages\/4735\/revisions"}],"predecessor-version":[{"id":5668,"href":"https:\/\/arbitrajefesintribunales.com\/on\/wp-json\/wp\/v2\/pages\/4735\/revisions\/5668"}],"wp:featuredmedia":[{"embeddable":true,"href":"https:\/\/arbitrajefesintribunales.com\/on\/wp-json\/wp\/v2\/media\/2561"}],"wp:attachment":[{"href":"https:\/\/arbitrajefesintribunales.com\/on\/wp-json\/wp\/v2\/media?parent=4735"}],"curies":[{"name":"wp","href":"https:\/\/api.w.org\/{rel}","templated":true}]}}