{"id":3844,"date":"2025-08-24T09:52:12","date_gmt":"2025-08-24T14:52:12","guid":{"rendered":"https:\/\/arbitrajefesintribunales.com\/on\/?page_id=3844"},"modified":"2025-08-26T18:55:16","modified_gmt":"2025-08-26T23:55:16","slug":"contacto","status":"publish","type":"page","link":"https:\/\/arbitrajefesintribunales.com\/on\/contacto\/","title":{"rendered":"Contacto"},"content":{"rendered":"\n<p>Nuestro equipo est\u00e1 disponible para atender tus inquietudes y brindarte informaci\u00f3n clara sobre nuestros servicios. <\/p>\n\n\n\n<p>Escr\u00edbenos y te responderemos con prontitud.<\/p>\n","protected":false},"excerpt":{"rendered":"<p>Nuestro equipo est\u00e1 disponible para atender tus inquietudes y brindarte informaci\u00f3n clara sobre nuestros servicios. Escr\u00edbenos y te responderemos con prontitud.<\/p>\n","protected":false},"author":1,"featured_media":0,"parent":0,"menu_order":0,"comment_status":"closed","ping_status":"closed","template":"","meta":{"footnotes":""},"class_list":["post-3844","page","type-page","status-publish","hentry"],"_links":{"self":[{"href":"https:\/\/arbitrajefesintribunales.com\/on\/wp-json\/wp\/v2\/pages\/3844","targetHints":{"allow":["GET"]}}],"collection":[{"href":"https:\/\/arbitrajefesintribunales.com\/on\/wp-json\/wp\/v2\/pages"}],"about":[{"href":"https:\/\/arbitrajefesintribunales.com\/on\/wp-json\/wp\/v2\/types\/page"}],"author":[{"embeddable":true,"href":"https:\/\/arbitrajefesintribunales.com\/on\/wp-json\/wp\/v2\/users\/1"}],"replies":[{"embeddable":true,"href":"https:\/\/arbitrajefesintribunales.com\/on\/wp-json\/wp\/v2\/comments?post=3844"}],"version-history":[{"count":3,"href":"https:\/\/arbitrajefesintribunales.com\/on\/wp-json\/wp\/v2\/pages\/3844\/revisions"}],"predecessor-version":[{"id":4031,"href":"https:\/\/arbitrajefesintribunales.com\/on\/wp-json\/wp\/v2\/pages\/3844\/revisions\/4031"}],"wp:attachment":[{"href":"https:\/\/arbitrajefesintribunales.com\/on\/wp-json\/wp\/v2\/media?parent=3844"}],"curies":[{"name":"wp","href":"https:\/\/api.w.org\/{rel}","templated":true}]}}