{"id":14,"date":"2021-03-29T04:23:12","date_gmt":"2021-03-29T04:23:12","guid":{"rendered":"https:\/\/arbitrajefesintribunales.com\/on\/about-us\/"},"modified":"2025-10-16T16:15:43","modified_gmt":"2025-10-16T21:15:43","slug":"nosotros","status":"publish","type":"page","link":"https:\/\/arbitrajefesintribunales.com\/on\/nosotros\/","title":{"rendered":"Nosotros"},"content":{"rendered":"\t\t<div data-elementor-type=\"wp-page\" data-elementor-id=\"14\" class=\"elementor elementor-14\" data-elementor-post-type=\"page\">\n\t\t\t\t\t\t<section class=\"elementor-section elementor-top-section elementor-element elementor-element-27b911c elementor-section-boxed elementor-section-height-default elementor-section-height-default\" data-id=\"27b911c\" data-element_type=\"section\" data-e-type=\"section\" data-settings=\"{&quot;background_background&quot;:&quot;classic&quot;,&quot;jet_parallax_layout_list&quot;:[]}\">\n\t\t\t\t\t\t\t<div class=\"elementor-background-overlay\"><\/div>\n\t\t\t\t\t\t\t<div class=\"elementor-container elementor-column-gap-default\">\n\t\t\t\t\t<div class=\"elementor-column elementor-col-100 elementor-top-column elementor-element elementor-element-06a4205\" data-id=\"06a4205\" data-element_type=\"column\" data-e-type=\"column\">\n\t\t\t<div class=\"elementor-widget-wrap elementor-element-populated\">\n\t\t\t\t\t\t<div class=\"elementor-element elementor-element-c04008a elementor-widget elementor-widget-heading\" data-id=\"c04008a\" data-element_type=\"widget\" data-e-type=\"widget\" data-widget_type=\"heading.default\">\n\t\t\t\t<div class=\"elementor-widget-container\">\n\t\t\t\t\t<h2 class=\"elementor-heading-title elementor-size-default\">Nosotros<\/h2>\t\t\t\t<\/div>\n\t\t\t\t<\/div>\n\t\t\t\t<div class=\"elementor-element elementor-element-e20d189 elementor-widget elementor-widget-text-editor\" data-id=\"e20d189\" data-element_type=\"widget\" data-e-type=\"widget\" data-widget_type=\"text-editor.default\">\n\t\t\t\t<div class=\"elementor-widget-container\">\n\t\t\t\t\t\t\t\t\t<p>CENTRO DE ARBITRAJE<\/p>\t\t\t\t\t\t\t\t<\/div>\n\t\t\t\t<\/div>\n\t\t\t\t\t<\/div>\n\t\t<\/div>\n\t\t\t\t\t<\/div>\n\t\t<\/section>\n\t\t\t\t<section class=\"elementor-section elementor-top-section elementor-element elementor-element-46d88e2 elementor-section-boxed elementor-section-height-default elementor-section-height-default\" data-id=\"46d88e2\" data-element_type=\"section\" data-e-type=\"section\" data-settings=\"{&quot;jet_parallax_layout_list&quot;:[]}\">\n\t\t\t\t\t\t\t<div class=\"elementor-background-overlay\"><\/div>\n\t\t\t\t\t\t\t<div class=\"elementor-container elementor-column-gap-default\">\n\t\t\t\t\t<div class=\"elementor-column elementor-col-100 elementor-top-column elementor-element elementor-element-8d2c66d\" data-id=\"8d2c66d\" data-element_type=\"column\" data-e-type=\"column\">\n\t\t\t<div class=\"elementor-widget-wrap elementor-element-populated\">\n\t\t\t\t\t\t<section class=\"elementor-section elementor-inner-section elementor-element elementor-element-edf36a4 elementor-section-boxed elementor-section-height-default elementor-section-height-default\" data-id=\"edf36a4\" data-element_type=\"section\" data-e-type=\"section\" data-settings=\"{&quot;jet_parallax_layout_list&quot;:[]}\">\n\t\t\t\t\t\t<div class=\"elementor-container elementor-column-gap-default\">\n\t\t\t\t\t<div class=\"elementor-column elementor-col-50 elementor-inner-column elementor-element elementor-element-0b76e2d\" data-id=\"0b76e2d\" data-element_type=\"column\" data-e-type=\"column\" data-settings=\"{&quot;background_background&quot;:&quot;classic&quot;}\">\n\t\t\t<div class=\"elementor-widget-wrap elementor-element-populated\">\n\t\t\t\t\t\t<div class=\"elementor-element elementor-element-f61fe82 elementor-widget elementor-widget-image\" data-id=\"f61fe82\" data-element_type=\"widget\" data-e-type=\"widget\" data-widget_type=\"image.default\">\n\t\t\t\t<div class=\"elementor-widget-container\">\n\t\t\t\t\t\t\t\t\t\t\t\t\t\t\t<img fetchpriority=\"high\" decoding=\"async\" width=\"486\" height=\"413\" src=\"https:\/\/arbitrajefesintribunales.com\/on\/wp-content\/uploads\/2024\/04\/Medicaid-Lawyer-in-Des-Moines-IA-624x413-2.jpg\" class=\"attachment-large size-large wp-image-2852\" alt=\"\" srcset=\"https:\/\/arbitrajefesintribunales.com\/on\/wp-content\/uploads\/2024\/04\/Medicaid-Lawyer-in-Des-Moines-IA-624x413-2.jpg 486w, https:\/\/arbitrajefesintribunales.com\/on\/wp-content\/uploads\/2024\/04\/Medicaid-Lawyer-in-Des-Moines-IA-624x413-2-300x255.jpg 300w\" sizes=\"(max-width: 486px) 100vw, 486px\" \/>\t\t\t\t\t\t\t\t\t\t\t\t\t\t\t<\/div>\n\t\t\t\t<\/div>\n\t\t\t\t<div class=\"elementor-element elementor-element-2d08e16 elementor-widget elementor-widget-image\" data-id=\"2d08e16\" data-element_type=\"widget\" data-e-type=\"widget\" data-widget_type=\"image.default\">\n\t\t\t\t<div class=\"elementor-widget-container\">\n\t\t\t\t\t\t\t\t\t\t\t\t\t\t\t<img decoding=\"async\" width=\"800\" height=\"534\" src=\"https:\/\/arbitrajefesintribunales.com\/on\/wp-content\/uploads\/2024\/04\/257ABBB7-1DC6-4D3F-AC45-FEEC9BBF163F_1_105_c-1024x683-1.jpeg\" class=\"attachment-large size-large wp-image-2813\" alt=\"\" srcset=\"https:\/\/arbitrajefesintribunales.com\/on\/wp-content\/uploads\/2024\/04\/257ABBB7-1DC6-4D3F-AC45-FEEC9BBF163F_1_105_c-1024x683-1.jpeg 1024w, https:\/\/arbitrajefesintribunales.com\/on\/wp-content\/uploads\/2024\/04\/257ABBB7-1DC6-4D3F-AC45-FEEC9BBF163F_1_105_c-1024x683-1-300x200.jpeg 300w, https:\/\/arbitrajefesintribunales.com\/on\/wp-content\/uploads\/2024\/04\/257ABBB7-1DC6-4D3F-AC45-FEEC9BBF163F_1_105_c-1024x683-1-768x512.jpeg 768w, https:\/\/arbitrajefesintribunales.com\/on\/wp-content\/uploads\/2024\/04\/257ABBB7-1DC6-4D3F-AC45-FEEC9BBF163F_1_105_c-1024x683-1-600x400.jpeg 600w\" sizes=\"(max-width: 800px) 100vw, 800px\" \/>\t\t\t\t\t\t\t\t\t\t\t\t\t\t\t<\/div>\n\t\t\t\t<\/div>\n\t\t\t\t\t<\/div>\n\t\t<\/div>\n\t\t\t\t<div class=\"elementor-column elementor-col-50 elementor-inner-column elementor-element elementor-element-7292ddb\" data-id=\"7292ddb\" data-element_type=\"column\" data-e-type=\"column\">\n\t\t\t<div class=\"elementor-widget-wrap elementor-element-populated\">\n\t\t\t\t\t\t<div class=\"elementor-element elementor-element-ddcdede elementor-widget elementor-widget-heading\" data-id=\"ddcdede\" data-element_type=\"widget\" data-e-type=\"widget\" data-widget_type=\"heading.default\">\n\t\t\t\t<div class=\"elementor-widget-container\">\n\t\t\t\t\t<h3 class=\"elementor-heading-title elementor-size-default\">Nuestro Centro de Arbitraje cuenta con<\/h3>\t\t\t\t<\/div>\n\t\t\t\t<\/div>\n\t\t\t\t<div class=\"elementor-element elementor-element-4582ba4 elementor-widget elementor-widget-text-editor\" data-id=\"4582ba4\" data-element_type=\"widget\" data-e-type=\"widget\" data-widget_type=\"text-editor.default\">\n\t\t\t\t<div class=\"elementor-widget-container\">\n\t\t\t\t\t\t\t\t\t<p><strong>LA MISI\u00d3N<\/strong><\/p><p>La misi\u00f3n del <strong>FE SIN TRIBUNALES<\/strong> Centro de Arbitraje es el de coadyuvar a la consolidaci\u00f3n y ampliaci\u00f3n del arbitraje en el Per\u00fa, tanto en el \u00e1mbito p\u00fablico, como en el privado, a trav\u00e9s de la difusi\u00f3n acad\u00e9mica y la prestaci\u00f3n del servicio arbitral transparente, eficiente y oportuno.<\/p><p>\u00a0<\/p><p><strong>VISI\u00d3N<\/strong><\/p><p><strong>FE SIN TRIBUNALES<\/strong> Centro de Arbitraje, tiene como fundamento la honestidad, la transparencia y eficiencia; perspectiva bajo la cual desarrollan su actividad todos los que integran nuestro equipo de trabajo, garantizando as\u00ed la atenci\u00f3n eficiente y oportuna.<\/p><p><strong>SERVICIOS<\/strong><\/p><p><strong>FE SIN TRIBUNALES<\/strong> Centro de Arbitraje brinda el servicio de Secretar\u00eda Arbitral, para lo que cuenta con el Reglamento de Arbitraje, C\u00f3digo de \u00c9tica, Estatuto, y dem\u00e1s documentos normativos; as\u00ed como una infraestructura c\u00f3moda y acogedora, complementada con los requerimientos tecnol\u00f3gicos acordes a las necesidades del servicio<\/p><p><strong>EQUIPO DE TRABAJO<\/strong><\/p><p>Lo m\u00e1s importante en una instituci\u00f3n es el equipo de colaboradores, siendo consciente de ello, <strong>FE SIN TRIBUNALES<\/strong> Centro de Arbitraje cuenta con secretarios Arbitrales competentes y entrenados en el trabajo de gesti\u00f3n de los procesos arbitrales<\/p><p>A este equipo se le suman los profesionales que integran la n\u00f3mina de \u00e1rbitros y el Tribunal Superior de Arbitraje.<\/p><p>\u00a0<\/p><p><strong>CONVENIO ARBITRAL<\/strong><\/p><p>\u201cLas controversias, entendi\u00e9ndose por ellas litigio, desavenencia, reclamaci\u00f3n, y otros, que se puedan generar como consecuencia de la ejecuci\u00f3n del presente contrato, incluidas las relativas a su validez, eficacia o terminaci\u00f3n, y otras, as\u00ed como las relacionadas al convenio arbitral, ser\u00e1n resueltas mediante arbitraje institucional (arbitraje Ad Hoc excepcionalmente); cuyo laudo ser\u00e1 definitiva e inapelable de acuerdo con lo establecido en el Reglamento de <strong>FE SIN TRIBUNALES<\/strong> Centro de Arbitraje, y a cuyas normas, administraci\u00f3n y decisi\u00f3n se someten las partes en forma incondicional,\u00a0 declarando conocerlas y aceptarlas en su integridad.\u201d<\/p><p>\u00a0<\/p>\t\t\t\t\t\t\t\t<\/div>\n\t\t\t\t<\/div>\n\t\t\t\t\t<\/div>\n\t\t<\/div>\n\t\t\t\t\t<\/div>\n\t\t<\/section>\n\t\t\t\t\t<\/div>\n\t\t<\/div>\n\t\t\t\t\t<\/div>\n\t\t<\/section>\n\t\t\t\t<section class=\"elementor-section elementor-top-section elementor-element elementor-element-2245e5e elementor-section-boxed elementor-section-height-default elementor-section-height-default\" data-id=\"2245e5e\" data-element_type=\"section\" data-e-type=\"section\" data-settings=\"{&quot;background_background&quot;:&quot;classic&quot;,&quot;jet_parallax_layout_list&quot;:[]}\">\n\t\t\t\t\t\t\t<div class=\"elementor-background-overlay\"><\/div>\n\t\t\t\t\t\t\t<div class=\"elementor-container elementor-column-gap-default\">\n\t\t\t\t\t<div class=\"elementor-column elementor-col-25 elementor-top-column elementor-element elementor-element-217de46\" data-id=\"217de46\" data-element_type=\"column\" data-e-type=\"column\">\n\t\t\t<div class=\"elementor-widget-wrap elementor-element-populated\">\n\t\t\t\t\t\t<section class=\"elementor-section elementor-inner-section elementor-element elementor-element-7047df6 elementor-section-boxed elementor-section-height-default elementor-section-height-default\" data-id=\"7047df6\" data-element_type=\"section\" data-e-type=\"section\" data-settings=\"{&quot;jet_parallax_layout_list&quot;:[]}\">\n\t\t\t\t\t\t<div class=\"elementor-container elementor-column-gap-default\">\n\t\t\t\t\t<div class=\"elementor-column elementor-col-50 elementor-inner-column elementor-element elementor-element-8df1009\" data-id=\"8df1009\" data-element_type=\"column\" data-e-type=\"column\">\n\t\t\t<div class=\"elementor-widget-wrap elementor-element-populated\">\n\t\t\t\t\t\t<div class=\"elementor-element elementor-element-8289b3b elementor-view-default elementor-widget elementor-widget-icon\" data-id=\"8289b3b\" data-element_type=\"widget\" data-e-type=\"widget\" data-widget_type=\"icon.default\">\n\t\t\t\t<div class=\"elementor-widget-container\">\n\t\t\t\t\t\t\t<div class=\"elementor-icon-wrapper\">\n\t\t\t<div class=\"elementor-icon\">\n\t\t\t<svg aria-hidden=\"true\" class=\"e-font-icon-svg e-fas-feather-alt\" viewBox=\"0 0 512 512\" xmlns=\"http:\/\/www.w3.org\/2000\/svg\"><path d=\"M512 0C460.22 3.56 96.44 38.2 71.01 287.61c-3.09 26.66-4.84 53.44-5.99 80.24l178.87-178.69c6.25-6.25 16.4-6.25 22.65 0s6.25 16.38 0 22.63L7.04 471.03c-9.38 9.37-9.38 24.57 0 33.94 9.38 9.37 24.59 9.37 33.98 0l57.13-57.07c42.09-.14 84.15-2.53 125.96-7.36 53.48-5.44 97.02-26.47 132.58-56.54H255.74l146.79-48.88c11.25-14.89 21.37-30.71 30.45-47.12h-81.14l106.54-53.21C500.29 132.86 510.19 26.26 512 0z\"><\/path><\/svg>\t\t\t<\/div>\n\t\t<\/div>\n\t\t\t\t\t\t<\/div>\n\t\t\t\t<\/div>\n\t\t\t\t\t<\/div>\n\t\t<\/div>\n\t\t\t\t<div class=\"elementor-column elementor-col-50 elementor-inner-column elementor-element elementor-element-51eabab\" data-id=\"51eabab\" data-element_type=\"column\" data-e-type=\"column\">\n\t\t\t<div class=\"elementor-widget-wrap\">\n\t\t\t\t\t\t\t<\/div>\n\t\t<\/div>\n\t\t\t\t\t<\/div>\n\t\t<\/section>\n\t\t\t\t\t<\/div>\n\t\t<\/div>\n\t\t\t\t<div class=\"elementor-column elementor-col-25 elementor-top-column elementor-element elementor-element-8325cea\" data-id=\"8325cea\" data-element_type=\"column\" data-e-type=\"column\">\n\t\t\t<div class=\"elementor-widget-wrap elementor-element-populated\">\n\t\t\t\t\t\t<section class=\"elementor-section elementor-inner-section elementor-element elementor-element-995448b elementor-section-boxed elementor-section-height-default elementor-section-height-default\" data-id=\"995448b\" data-element_type=\"section\" data-e-type=\"section\" data-settings=\"{&quot;jet_parallax_layout_list&quot;:[]}\">\n\t\t\t\t\t\t<div class=\"elementor-container elementor-column-gap-default\">\n\t\t\t\t\t<div class=\"elementor-column elementor-col-50 elementor-inner-column elementor-element elementor-element-706144d\" data-id=\"706144d\" data-element_type=\"column\" data-e-type=\"column\">\n\t\t\t<div class=\"elementor-widget-wrap elementor-element-populated\">\n\t\t\t\t\t\t<div class=\"elementor-element elementor-element-5552d37 elementor-view-default elementor-widget elementor-widget-icon\" data-id=\"5552d37\" data-element_type=\"widget\" data-e-type=\"widget\" data-widget_type=\"icon.default\">\n\t\t\t\t<div class=\"elementor-widget-container\">\n\t\t\t\t\t\t\t<div class=\"elementor-icon-wrapper\">\n\t\t\t<div class=\"elementor-icon\">\n\t\t\t<svg aria-hidden=\"true\" class=\"e-font-icon-svg e-fas-university\" viewBox=\"0 0 512 512\" xmlns=\"http:\/\/www.w3.org\/2000\/svg\"><path d=\"M496 128v16a8 8 0 0 1-8 8h-24v12c0 6.627-5.373 12-12 12H60c-6.627 0-12-5.373-12-12v-12H24a8 8 0 0 1-8-8v-16a8 8 0 0 1 4.941-7.392l232-88a7.996 7.996 0 0 1 6.118 0l232 88A8 8 0 0 1 496 128zm-24 304H40c-13.255 0-24 10.745-24 24v16a8 8 0 0 0 8 8h464a8 8 0 0 0 8-8v-16c0-13.255-10.745-24-24-24zM96 192v192H60c-6.627 0-12 5.373-12 12v20h416v-20c0-6.627-5.373-12-12-12h-36V192h-64v192h-64V192h-64v192h-64V192H96z\"><\/path><\/svg>\t\t\t<\/div>\n\t\t<\/div>\n\t\t\t\t\t\t<\/div>\n\t\t\t\t<\/div>\n\t\t\t\t\t<\/div>\n\t\t<\/div>\n\t\t\t\t<div class=\"elementor-column elementor-col-50 elementor-inner-column elementor-element elementor-element-ab54331\" data-id=\"ab54331\" data-element_type=\"column\" data-e-type=\"column\">\n\t\t\t<div class=\"elementor-widget-wrap\">\n\t\t\t\t\t\t\t<\/div>\n\t\t<\/div>\n\t\t\t\t\t<\/div>\n\t\t<\/section>\n\t\t\t\t\t<\/div>\n\t\t<\/div>\n\t\t\t\t<div class=\"elementor-column elementor-col-25 elementor-top-column elementor-element elementor-element-503dc52\" data-id=\"503dc52\" data-element_type=\"column\" data-e-type=\"column\">\n\t\t\t<div class=\"elementor-widget-wrap elementor-element-populated\">\n\t\t\t\t\t\t<section class=\"elementor-section elementor-inner-section elementor-element elementor-element-a3daca8 elementor-section-boxed elementor-section-height-default elementor-section-height-default\" data-id=\"a3daca8\" data-element_type=\"section\" data-e-type=\"section\" data-settings=\"{&quot;jet_parallax_layout_list&quot;:[]}\">\n\t\t\t\t\t\t<div class=\"elementor-container elementor-column-gap-default\">\n\t\t\t\t\t<div class=\"elementor-column elementor-col-50 elementor-inner-column elementor-element elementor-element-8abc5cf\" data-id=\"8abc5cf\" data-element_type=\"column\" data-e-type=\"column\">\n\t\t\t<div class=\"elementor-widget-wrap elementor-element-populated\">\n\t\t\t\t\t\t<div class=\"elementor-element elementor-element-6c9ac28 elementor-view-default elementor-widget elementor-widget-icon\" data-id=\"6c9ac28\" data-element_type=\"widget\" data-e-type=\"widget\" data-widget_type=\"icon.default\">\n\t\t\t\t<div class=\"elementor-widget-container\">\n\t\t\t\t\t\t\t<div class=\"elementor-icon-wrapper\">\n\t\t\t<div class=\"elementor-icon\">\n\t\t\t<svg aria-hidden=\"true\" class=\"e-font-icon-svg e-fas-balance-scale-left\" viewBox=\"0 0 640 512\" xmlns=\"http:\/\/www.w3.org\/2000\/svg\"><path d=\"M528 448H352V153.25c20.42-8.94 36.1-26.22 43.38-47.47l132-44.26c8.38-2.81 12.89-11.88 10.08-20.26l-10.17-30.34C524.48 2.54 515.41-1.97 507.03.84L389.11 40.37C375.3 16.36 349.69 0 320 0c-44.18 0-80 35.82-80 80 0 3.43.59 6.71 1.01 10.03l-128.39 43.05c-8.38 2.81-12.89 11.88-10.08 20.26l10.17 30.34c2.81 8.38 11.88 12.89 20.26 10.08l142.05-47.63c4.07 2.77 8.43 5.12 12.99 7.12V496c0 8.84 7.16 16 16 16h224c8.84 0 16-7.16 16-16v-32c-.01-8.84-7.17-16-16.01-16zm111.98-144c0-16.18 1.34-8.73-85.05-181.51-17.65-35.29-68.19-35.36-85.87 0-87.12 174.26-85.04 165.84-85.04 181.51H384c0 44.18 57.31 80 128 80s128-35.82 128-80h-.02zM440 288l72-144 72 144H440zm-269.07-37.51c-17.65-35.29-68.19-35.36-85.87 0C-2.06 424.75.02 416.33.02 432H0c0 44.18 57.31 80 128 80s128-35.82 128-80h-.02c0-16.18 1.34-8.73-85.05-181.51zM56 416l72-144 72 144H56z\"><\/path><\/svg>\t\t\t<\/div>\n\t\t<\/div>\n\t\t\t\t\t\t<\/div>\n\t\t\t\t<\/div>\n\t\t\t\t\t<\/div>\n\t\t<\/div>\n\t\t\t\t<div class=\"elementor-column elementor-col-50 elementor-inner-column elementor-element elementor-element-227d038\" data-id=\"227d038\" data-element_type=\"column\" data-e-type=\"column\">\n\t\t\t<div class=\"elementor-widget-wrap\">\n\t\t\t\t\t\t\t<\/div>\n\t\t<\/div>\n\t\t\t\t\t<\/div>\n\t\t<\/section>\n\t\t\t\t\t<\/div>\n\t\t<\/div>\n\t\t\t\t<div class=\"elementor-column elementor-col-25 elementor-top-column elementor-element elementor-element-055715d\" data-id=\"055715d\" data-element_type=\"column\" data-e-type=\"column\">\n\t\t\t<div class=\"elementor-widget-wrap elementor-element-populated\">\n\t\t\t\t\t\t<section class=\"elementor-section elementor-inner-section elementor-element elementor-element-e5e4bd3 elementor-section-boxed elementor-section-height-default elementor-section-height-default\" data-id=\"e5e4bd3\" data-element_type=\"section\" data-e-type=\"section\" data-settings=\"{&quot;jet_parallax_layout_list&quot;:[]}\">\n\t\t\t\t\t\t<div class=\"elementor-container elementor-column-gap-default\">\n\t\t\t\t\t<div class=\"elementor-column elementor-col-50 elementor-inner-column elementor-element elementor-element-cb15d93\" data-id=\"cb15d93\" data-element_type=\"column\" data-e-type=\"column\">\n\t\t\t<div class=\"elementor-widget-wrap elementor-element-populated\">\n\t\t\t\t\t\t<div class=\"elementor-element elementor-element-98ea236 elementor-view-default elementor-widget elementor-widget-icon\" data-id=\"98ea236\" data-element_type=\"widget\" data-e-type=\"widget\" data-widget_type=\"icon.default\">\n\t\t\t\t<div class=\"elementor-widget-container\">\n\t\t\t\t\t\t\t<div class=\"elementor-icon-wrapper\">\n\t\t\t<div class=\"elementor-icon\">\n\t\t\t<svg aria-hidden=\"true\" class=\"e-font-icon-svg e-fas-gavel\" viewBox=\"0 0 512 512\" xmlns=\"http:\/\/www.w3.org\/2000\/svg\"><path d=\"M504.971 199.362l-22.627-22.627c-9.373-9.373-24.569-9.373-33.941 0l-5.657 5.657L329.608 69.255l5.657-5.657c9.373-9.373 9.373-24.569 0-33.941L312.638 7.029c-9.373-9.373-24.569-9.373-33.941 0L154.246 131.48c-9.373 9.373-9.373 24.569 0 33.941l22.627 22.627c9.373 9.373 24.569 9.373 33.941 0l5.657-5.657 39.598 39.598-81.04 81.04-5.657-5.657c-12.497-12.497-32.758-12.497-45.255 0L9.373 412.118c-12.497 12.497-12.497 32.758 0 45.255l45.255 45.255c12.497 12.497 32.758 12.497 45.255 0l114.745-114.745c12.497-12.497 12.497-32.758 0-45.255l-5.657-5.657 81.04-81.04 39.598 39.598-5.657 5.657c-9.373 9.373-9.373 24.569 0 33.941l22.627 22.627c9.373 9.373 24.569 9.373 33.941 0l124.451-124.451c9.372-9.372 9.372-24.568 0-33.941z\"><\/path><\/svg>\t\t\t<\/div>\n\t\t<\/div>\n\t\t\t\t\t\t<\/div>\n\t\t\t\t<\/div>\n\t\t\t\t\t<\/div>\n\t\t<\/div>\n\t\t\t\t<div class=\"elementor-column elementor-col-50 elementor-inner-column elementor-element elementor-element-a27247e\" data-id=\"a27247e\" data-element_type=\"column\" data-e-type=\"column\">\n\t\t\t<div class=\"elementor-widget-wrap\">\n\t\t\t\t\t\t\t<\/div>\n\t\t<\/div>\n\t\t\t\t\t<\/div>\n\t\t<\/section>\n\t\t\t\t\t<\/div>\n\t\t<\/div>\n\t\t\t\t\t<\/div>\n\t\t<\/section>\n\t\t\t\t<section class=\"elementor-section elementor-top-section elementor-element elementor-element-6e007f5 elementor-section-boxed elementor-section-height-default elementor-section-height-default\" data-id=\"6e007f5\" data-element_type=\"section\" data-e-type=\"section\" data-settings=\"{&quot;background_background&quot;:&quot;classic&quot;,&quot;jet_parallax_layout_list&quot;:[]}\">\n\t\t\t\t\t\t\t<div class=\"elementor-background-overlay\"><\/div>\n\t\t\t\t\t\t\t<div class=\"elementor-container elementor-column-gap-default\">\n\t\t\t\t\t<div class=\"elementor-column elementor-col-100 elementor-top-column elementor-element elementor-element-dec568b\" data-id=\"dec568b\" data-element_type=\"column\" data-e-type=\"column\">\n\t\t\t<div class=\"elementor-widget-wrap elementor-element-populated\">\n\t\t\t\t\t\t<div class=\"elementor-element elementor-element-671455f elementor-widget elementor-widget-image\" data-id=\"671455f\" data-element_type=\"widget\" data-e-type=\"widget\" data-widget_type=\"image.default\">\n\t\t\t\t<div class=\"elementor-widget-container\">\n\t\t\t\t\t\t\t\t\t\t\t\t\t\t\t<img decoding=\"async\" src=\"https:\/\/arbitrajefesintribunales.com\/on\/wp-content\/uploads\/elementor\/thumbs\/houston-texas-lawyer-raw0pe8xhpo26i69m013ane2bx8oe6omcbmag21r4w.webp\" title=\"houston-texas-lawyer\" alt=\"houston-texas-lawyer\" loading=\"lazy\" \/>\t\t\t\t\t\t\t\t\t\t\t\t\t\t\t<\/div>\n\t\t\t\t<\/div>\n\t\t\t\t\t<\/div>\n\t\t<\/div>\n\t\t\t\t\t<\/div>\n\t\t<\/section>\n\t\t\t\t<\/div>\n\t\t","protected":false},"excerpt":{"rendered":"<p>Somos la mejor alternativa en materia de Arbitraje, identificados con los valores y principios de nuestra instituci\u00f3n; nos preocupamos por conocer lo que buscan los usuarios de arbitraje, respondiendo con nuestras fortalezas y pol\u00edtica de calidad que son clave de nuestro crecimiento. Por ello, afirmamos que administramos en forma \u00e9tica, eficaz, imparcial e independiente todos [&hellip;]<\/p>\n","protected":false},"author":1,"featured_media":3614,"parent":0,"menu_order":0,"comment_status":"closed","ping_status":"closed","template":"","meta":{"footnotes":""},"class_list":["post-14","page","type-page","status-publish","has-post-thumbnail","hentry"],"_links":{"self":[{"href":"https:\/\/arbitrajefesintribunales.com\/on\/wp-json\/wp\/v2\/pages\/14","targetHints":{"allow":["GET"]}}],"collection":[{"href":"https:\/\/arbitrajefesintribunales.com\/on\/wp-json\/wp\/v2\/pages"}],"about":[{"href":"https:\/\/arbitrajefesintribunales.com\/on\/wp-json\/wp\/v2\/types\/page"}],"author":[{"embeddable":true,"href":"https:\/\/arbitrajefesintribunales.com\/on\/wp-json\/wp\/v2\/users\/1"}],"replies":[{"embeddable":true,"href":"https:\/\/arbitrajefesintribunales.com\/on\/wp-json\/wp\/v2\/comments?post=14"}],"version-history":[{"count":4,"href":"https:\/\/arbitrajefesintribunales.com\/on\/wp-json\/wp\/v2\/pages\/14\/revisions"}],"predecessor-version":[{"id":4202,"href":"https:\/\/arbitrajefesintribunales.com\/on\/wp-json\/wp\/v2\/pages\/14\/revisions\/4202"}],"wp:featuredmedia":[{"embeddable":true,"href":"https:\/\/arbitrajefesintribunales.com\/on\/wp-json\/wp\/v2\/media\/3614"}],"wp:attachment":[{"href":"https:\/\/arbitrajefesintribunales.com\/on\/wp-json\/wp\/v2\/media?parent=14"}],"curies":[{"name":"wp","href":"https:\/\/api.w.org\/{rel}","templated":true}]}}